{"id":2408,"date":"2019-10-07T12:52:42","date_gmt":"2019-10-07T12:52:42","guid":{"rendered":"http:\/\/www.grazappartement.at\/?page_id=2408"},"modified":"2019-11-14T19:36:03","modified_gmt":"2019-11-14T19:36:03","slug":"datenschutz","status":"publish","type":"page","link":"https:\/\/www.grazappartement.at\/en\/datenschutz\/","title":{"rendered":"Privacy"},"content":{"rendered":"<div class=\"section section-ueberschrift-mit-subueberschrift o-container\">\r\n  \r\n  <div class=\"u-flex u-fd-col u-ai-center u-jc-center u-pv-50 u-pv-70@sm\">\r\n    <div class=\"u-uppercase o-color--black o-type-pageHeadline u-text-center\">PRIVACY<\/div>\r\n      <\/div>\r\n<\/div>\r\n\n\n<div class=\"section section-wysiwyg o-container\">\r\n  <h3 style=\"font-weight: 400;\"><b>Erkl\u00e4rung zur Informationspflicht<\/b><\/h3>\n<p>&nbsp;<\/p>\n<p>Der Schutz Ihrer pers\u00f6nlichen Daten ist uns ein besonderes Anliegen. Wir verarbeiten Ihre Daten daher ausschlie\u00dflich auf Grundlage der gesetzlichen Bestimmungen (DSGVO, TKG 2003). In diesen Datenschutzinformationen informieren wir Sie \u00fcber die wichtigsten Aspekte der Datenverarbeitung im Rahmen unserer Gesch\u00e4ftst\u00e4tigkeit.<\/p>\n<h4 style=\"font-weight: 400;\"><b>Kontakt mit uns<\/b><\/h4>\n<p>Wenn Sie per Formular auf der Website oder per E-Mail Kontakt mit uns aufnehmen, werden Ihre angegebenen Daten zwecks Bearbeitung der Anfrage und f\u00fcr den Fall von Anschlussfragen bei uns gespeichert.\u00a0Diese Daten geben wir nicht ohne Ihre Einwilligung weiter.\u00a0Wir l\u00f6schen regelm\u00e4\u00dfig alle E-Mails die \u00e4lter als 5 Jahre sind. In unseren Buchhaltungsunterlagen verbleiben Ihre Daten aber f\u00fcr die gesetzlich vorgeschriebenen 7 Jahre (Aufbewahrungsfrist). Teilweise \u00fcbernehmen wir die Handynummer eines Gastes zur kurzfristigen Kommunikation auf unser Mobiltelefon.<\/p>\n<p>Als Gast m\u00fcssen Sie bei uns einen Meldezettel ausf\u00fcllen. Nur die statistische Auswertung (ohne personenbezogene Daten) wird an die Stadt Graz, Referat f\u00fcr Statistik weitergeleitet.<\/p>\n<p>F\u00fcr Meldezettel bestehen Aufbewahrungspflicht von 7 Jahren ab dem Zeitpunkt der Eintragung (G\u00e4steverzeichnis, Meldegesetz \u00a7 10 Abs. 2).<\/p>\n<h4 style=\"font-weight: 400;\"><b>Ihre Rechte<\/b><\/h4>\n<p>Ihnen stehen grunds\u00e4tzlich die Rechte auf Auskunft, Berichtigung, L\u00f6schung, Einschr\u00e4nkung, Daten\u00fcbertragbarkeit, Widerruf und Widerspruch zu. Wenn Sie glauben, dass die Verarbeitung Ihrer Daten gegen das Datenschutzrecht verst\u00f6\u00dft oder Ihre datenschutzrechtlichen Anspr\u00fcche sonst in einer Weise verletzt worden sind, k\u00f6nnen Sie sich bei der Aufsichtsbeh\u00f6rde beschweren. In \u00d6sterreich ist dies die Datenschutzbeh\u00f6rde.<\/p>\n<p>Sollten Sie Anlass zu Beschwerden wegen der Verarbeitung Ihrer Daten durch uns geben, m\u00f6chten wir Sie einladen, uns zuerst direkt zu schreiben damit wir versuchen, die Sache gemeinsam zu kl\u00e4ren:\u00a0<a href=\"mailto:office@grazappartement.at\">office@grazappartement.at<\/a><\/p>\n<h4><strong>Server-Log-Files<\/strong><\/h4>\n<p>Unsere Webseite wird von easyname GmbH\u00a0betreut.<\/p>\n<p>Kontakt und Datenschutzerkl\u00e4rung von easyname GmbH siehe\u00a0https:\/\/www.easyname.at\/de\/unternehmen\/contact<\/p>\n<h4><strong>Cookies<\/strong><\/h4>\n<p>Cookies sind kleine, n\u00fctzliche Textdateien, die in dem von Ihnen verwendeten Internet-Browser (Chrome, Firefox, Safari,&#8230;) gespeichert werden.<\/p>\n<p>Cookies richten keinen Schaden an.<\/p>\n<p>Wir nutzen Cookies dazu, unser Angebot nutzerfreundlich zu gestalten. Einige Cookies bleiben auf Ihrem Endger\u00e4t gespeichert, bis Sie diese l\u00f6schen. Sie erm\u00f6glichen es uns, Ihren Browser beim n\u00e4chsten Besuch wiederzuerkennen. Laut Gesetz d\u00fcrfen wir Cookies auf Ihrem Ger\u00e4t speichern, wenn diese f\u00fcr den Betrieb unserer Webseite unbedingt notwendig sind. F\u00fcr alle anderen Cookie-Typen ben\u00f6tigen wir Ihre Zustimmung.<\/p>\n<p>Sie k\u00f6nnen Ihren Browser so einrichten, dass er Sie \u00fcber das Setzen von Cookies informiert und Sie dies nur im Einzelfall erlauben. Au\u00dferdem k\u00f6nnen Sie die in Ihrem Browserprogramm gespeicherten Cookies l\u00f6schen. Wie dies im Detail funktioniert, ist abh\u00e4ngig vom Programm und in dessen Hilfedateien nachzulesen.<\/p>\n<h4><b>Google Maps<\/b><\/h4>\n<p>Dieser Internetauftritt benutzt Google Maps zur Darstellung von Karten und zur Erstellung von Anfahrtspl\u00e4nen. Google Maps wird von Google Inc., 1600 Amphitheatre Parkway, Mountain View, CA 94043, USA (\u201cGoogle\u201d) betrieben. Durch die Nutzung dieses Internetauftritts erkl\u00e4ren Sie sich mit der Erfassung, Bearbeitung sowie der Nutzung der automatisch erhobenen sowie der von Ihnen eingegeben Daten durch Google, einer seiner Vertreter, oder Drittanbieter einverstanden. Die Nutzungsbedingungen f\u00fcr Google Maps finden Sie unter\u00a0<a href=\"http:\/\/www.google.com\/intl\/de_de\/help\/terms_maps.html\">www.google.com\/intl\/de_de\/help\/terms_maps.html<\/a><\/p>\n<h4 style=\"font-weight: 400;\"><b>Sie erreichen uns unter folgenden Kontaktdaten<\/b><\/h4>\n<h4 style=\"font-weight: 400;\">grazappartement.<\/h4>\n<p>Familie Schanner-Tesch<br \/>\nMobil: 0043 \u2044 699 \u2044 10275131<br \/>\nFax: 0043 \u2044 316 \u2044 673383<br \/>\n<a href=\"mailto:office@grazappartement.at\">Email: office@grazappartement.at<\/a><\/p>\n<\/div>\r\n\n\n<div class=\"section section-zertifikate\">\n        <div class=\"u-12\/12 o-container u-flex u-ai-center u-jc-center u-pv-50@sm\">\n        <div class=\"u-3\/12@iPad u-4\/12@sm\">\n          <hr class=\"u-mr-40 u-block@iPad u-hidden\" \/>\n        <\/div>\n        <div class=\"u-flex u-12\/12 u-5\/12@mobileBetween u-4\/12@sm imageContainer\">\n                        \n                                                    <picture>\n                                <source alt=\"\" src=\"https:\/\/www.grazappartement.at\/wp-content\/uploads\/2019\/11\/Logo_Komplett_Homepage-162x170.png\" srcset=\"https:\/\/www.grazappartement.at\/wp-content\/uploads\/2019\/11\/Logo_Komplett_Homepage-162x170.png\" media=\"(min-width: 1024px)\">\n                                <source alt=\"\" src=\"https:\/\/www.grazappartement.at\/wp-content\/uploads\/2019\/11\/Logo_Komplett_Homepage-120x120.png\" srcset=\"https:\/\/www.grazappartement.at\/wp-content\/uploads\/2019\/11\/Logo_Komplett_Homepage-120x120.png\" media=\"(max-width: 568px)\">\n                                <img decoding=\"async\" loading=\"lazy\" src=\"https:\/\/www.grazappartement.at\/wp-content\/uploads\/2019\/11\/Logo_Komplett_Homepage-162x170.png\" srcset=\"https:\/\/www.grazappartement.at\/wp-content\/uploads\/2019\/11\/Logo_Komplett_Homepage-162x170.png\" alt=\"\">\n                            <\/picture>\n                                            <\/div>\n        <div class=\"u-3\/12@iPad u-4\/12@sm\">\n          <hr class=\"u-ml-40 u-block@iPad u-hidden\" \/>\n        <\/div>\n    <\/div>    \n<\/div>\n","protected":false},"excerpt":{"rendered":"","protected":false},"author":1,"featured_media":0,"parent":0,"menu_order":0,"comment_status":"closed","ping_status":"closed","template":"","meta":{"_acf_changed":false,"footnotes":""},"class_list":["post-2408","page","type-page","status-publish","hentry"],"acf":[],"yoast_head":"<!-- This site is optimized with the Yoast SEO plugin v26.8 - https:\/\/yoast.com\/product\/yoast-seo-wordpress\/ -->\n<title>Privacy - grazappartement<\/title>\n<meta name=\"description\" content=\"Familie Schanner-Tesch f\u00fchrt nahe der Innenstadt mehrere Appartements, welches in einer ruhigen Seitenstra\u00dfe zwischen Messezentrum und Stadtzentrum liegt.\" \/>\n<meta name=\"robots\" content=\"index, follow, max-snippet:-1, max-image-preview:large, max-video-preview:-1\" \/>\n<link rel=\"canonical\" href=\"https:\/\/www.grazappartement.at\/en\/datenschutz\/\" \/>\n<meta property=\"og:locale\" content=\"en_US\" \/>\n<meta property=\"og:type\" content=\"article\" \/>\n<meta property=\"og:title\" content=\"Privacy - grazappartement\" \/>\n<meta property=\"og:description\" content=\"Familie Schanner-Tesch f\u00fchrt nahe der Innenstadt mehrere Appartements, welches in einer ruhigen Seitenstra\u00dfe zwischen Messezentrum und Stadtzentrum liegt.\" \/>\n<meta property=\"og:url\" content=\"https:\/\/www.grazappartement.at\/en\/datenschutz\/\" \/>\n<meta property=\"og:site_name\" content=\"grazappartement\" \/>\n<meta property=\"article:modified_time\" content=\"2019-11-14T19:36:03+00:00\" \/>\n<meta name=\"twitter:card\" content=\"summary_large_image\" \/>\n<script type=\"application\/ld+json\" class=\"yoast-schema-graph\">{\"@context\":\"https:\/\/schema.org\",\"@graph\":[{\"@type\":\"WebPage\",\"@id\":\"https:\/\/www.grazappartement.at\/en\/datenschutz\/\",\"url\":\"https:\/\/www.grazappartement.at\/en\/datenschutz\/\",\"name\":\"Privacy - grazappartement\",\"isPartOf\":{\"@id\":\"https:\/\/www.grazappartement.at\/#website\"},\"datePublished\":\"2019-10-07T12:52:42+00:00\",\"dateModified\":\"2019-11-14T19:36:03+00:00\",\"description\":\"Familie Schanner-Tesch f\u00fchrt nahe der Innenstadt mehrere Appartements, welches in einer ruhigen Seitenstra\u00dfe zwischen Messezentrum und Stadtzentrum liegt.\",\"breadcrumb\":{\"@id\":\"https:\/\/www.grazappartement.at\/en\/datenschutz\/#breadcrumb\"},\"inLanguage\":\"en-US\",\"potentialAction\":[{\"@type\":\"ReadAction\",\"target\":[\"https:\/\/www.grazappartement.at\/en\/datenschutz\/\"]}]},{\"@type\":\"BreadcrumbList\",\"@id\":\"https:\/\/www.grazappartement.at\/en\/datenschutz\/#breadcrumb\",\"itemListElement\":[{\"@type\":\"ListItem\",\"position\":1,\"name\":\"Startseite\",\"item\":\"https:\/\/www.grazappartement.at\/en\/\"},{\"@type\":\"ListItem\",\"position\":2,\"name\":\"Privacy\"}]},{\"@type\":\"WebSite\",\"@id\":\"https:\/\/www.grazappartement.at\/#website\",\"url\":\"https:\/\/www.grazappartement.at\/\",\"name\":\"grazappartement\",\"description\":\"Familie Schanner-Tesch f\u00fchrt nahe der Innenstadt mehrere Appartements, welches in einer ruhigen Seitenstra\u00dfe zwischen Messezentrum und Stadtzentrum liegt.\",\"publisher\":{\"@id\":\"https:\/\/www.grazappartement.at\/#organization\"},\"potentialAction\":[{\"@type\":\"SearchAction\",\"target\":{\"@type\":\"EntryPoint\",\"urlTemplate\":\"https:\/\/www.grazappartement.at\/?s={search_term_string}\"},\"query-input\":{\"@type\":\"PropertyValueSpecification\",\"valueRequired\":true,\"valueName\":\"search_term_string\"}}],\"inLanguage\":\"en-US\"},{\"@type\":\"Organization\",\"@id\":\"https:\/\/www.grazappartement.at\/#organization\",\"name\":\"grazappartement\",\"url\":\"https:\/\/www.grazappartement.at\/\",\"logo\":{\"@type\":\"ImageObject\",\"inLanguage\":\"en-US\",\"@id\":\"https:\/\/www.grazappartement.at\/#\/schema\/logo\/image\/\",\"url\":\"https:\/\/www.grazappartement.at\/wp-content\/uploads\/2019\/06\/favicon.png\",\"contentUrl\":\"https:\/\/www.grazappartement.at\/wp-content\/uploads\/2019\/06\/favicon.png\",\"width\":50,\"height\":43,\"caption\":\"grazappartement\"},\"image\":{\"@id\":\"https:\/\/www.grazappartement.at\/#\/schema\/logo\/image\/\"}}]}<\/script>\n<!-- \/ Yoast SEO plugin. -->","yoast_head_json":{"title":"Privacy - grazappartement","description":"Familie Schanner-Tesch f\u00fchrt nahe der Innenstadt mehrere Appartements, welches in einer ruhigen Seitenstra\u00dfe zwischen Messezentrum und Stadtzentrum liegt.","robots":{"index":"index","follow":"follow","max-snippet":"max-snippet:-1","max-image-preview":"max-image-preview:large","max-video-preview":"max-video-preview:-1"},"canonical":"https:\/\/www.grazappartement.at\/en\/datenschutz\/","og_locale":"en_US","og_type":"article","og_title":"Privacy - grazappartement","og_description":"Familie Schanner-Tesch f\u00fchrt nahe der Innenstadt mehrere Appartements, welches in einer ruhigen Seitenstra\u00dfe zwischen Messezentrum und Stadtzentrum liegt.","og_url":"https:\/\/www.grazappartement.at\/en\/datenschutz\/","og_site_name":"grazappartement","article_modified_time":"2019-11-14T19:36:03+00:00","twitter_card":"summary_large_image","schema":{"@context":"https:\/\/schema.org","@graph":[{"@type":"WebPage","@id":"https:\/\/www.grazappartement.at\/en\/datenschutz\/","url":"https:\/\/www.grazappartement.at\/en\/datenschutz\/","name":"Privacy - grazappartement","isPartOf":{"@id":"https:\/\/www.grazappartement.at\/#website"},"datePublished":"2019-10-07T12:52:42+00:00","dateModified":"2019-11-14T19:36:03+00:00","description":"Familie Schanner-Tesch f\u00fchrt nahe der Innenstadt mehrere Appartements, welches in einer ruhigen Seitenstra\u00dfe zwischen Messezentrum und Stadtzentrum liegt.","breadcrumb":{"@id":"https:\/\/www.grazappartement.at\/en\/datenschutz\/#breadcrumb"},"inLanguage":"en-US","potentialAction":[{"@type":"ReadAction","target":["https:\/\/www.grazappartement.at\/en\/datenschutz\/"]}]},{"@type":"BreadcrumbList","@id":"https:\/\/www.grazappartement.at\/en\/datenschutz\/#breadcrumb","itemListElement":[{"@type":"ListItem","position":1,"name":"Startseite","item":"https:\/\/www.grazappartement.at\/en\/"},{"@type":"ListItem","position":2,"name":"Privacy"}]},{"@type":"WebSite","@id":"https:\/\/www.grazappartement.at\/#website","url":"https:\/\/www.grazappartement.at\/","name":"grazappartement","description":"Familie Schanner-Tesch f\u00fchrt nahe der Innenstadt mehrere Appartements, welches in einer ruhigen Seitenstra\u00dfe zwischen Messezentrum und Stadtzentrum liegt.","publisher":{"@id":"https:\/\/www.grazappartement.at\/#organization"},"potentialAction":[{"@type":"SearchAction","target":{"@type":"EntryPoint","urlTemplate":"https:\/\/www.grazappartement.at\/?s={search_term_string}"},"query-input":{"@type":"PropertyValueSpecification","valueRequired":true,"valueName":"search_term_string"}}],"inLanguage":"en-US"},{"@type":"Organization","@id":"https:\/\/www.grazappartement.at\/#organization","name":"grazappartement","url":"https:\/\/www.grazappartement.at\/","logo":{"@type":"ImageObject","inLanguage":"en-US","@id":"https:\/\/www.grazappartement.at\/#\/schema\/logo\/image\/","url":"https:\/\/www.grazappartement.at\/wp-content\/uploads\/2019\/06\/favicon.png","contentUrl":"https:\/\/www.grazappartement.at\/wp-content\/uploads\/2019\/06\/favicon.png","width":50,"height":43,"caption":"grazappartement"},"image":{"@id":"https:\/\/www.grazappartement.at\/#\/schema\/logo\/image\/"}}]}},"_links":{"self":[{"href":"https:\/\/www.grazappartement.at\/en\/wp-json\/wp\/v2\/pages\/2408","targetHints":{"allow":["GET"]}}],"collection":[{"href":"https:\/\/www.grazappartement.at\/en\/wp-json\/wp\/v2\/pages"}],"about":[{"href":"https:\/\/www.grazappartement.at\/en\/wp-json\/wp\/v2\/types\/page"}],"author":[{"embeddable":true,"href":"https:\/\/www.grazappartement.at\/en\/wp-json\/wp\/v2\/users\/1"}],"replies":[{"embeddable":true,"href":"https:\/\/www.grazappartement.at\/en\/wp-json\/wp\/v2\/comments?post=2408"}],"version-history":[{"count":58,"href":"https:\/\/www.grazappartement.at\/en\/wp-json\/wp\/v2\/pages\/2408\/revisions"}],"predecessor-version":[{"id":4643,"href":"https:\/\/www.grazappartement.at\/en\/wp-json\/wp\/v2\/pages\/2408\/revisions\/4643"}],"wp:attachment":[{"href":"https:\/\/www.grazappartement.at\/en\/wp-json\/wp\/v2\/media?parent=2408"}],"curies":[{"name":"wp","href":"https:\/\/api.w.org\/{rel}","templated":true}]}}